{"id":1474,"date":"2019-03-31T11:19:04","date_gmt":"2019-03-31T09:19:04","guid":{"rendered":"https:\/\/avtonaplin.com\/?page_id=1474"},"modified":"2022-12-18T23:34:59","modified_gmt":"2022-12-18T22:34:59","slug":"financiranje-do-72-obrokov","status":"publish","type":"page","link":"https:\/\/avtonaplin.com\/index.php\/financiranje-do-72-obrokov\/","title":{"rendered":"FINANCIRANJE"},"content":{"rendered":"<div class=\"fusion-one-full fusion-layout-column fusion-column-last fusion-spacing-yes\">\n<div class=\"fusion-column-wrapper\">\n<p>Pri nas imate ve\u010d mo\u017enosti financiranja va\u0161e predelave:<\/p>\n<p><strong>HITRI KREDIT:<\/strong><\/p>\n<p>Za odobritev hitrega kredita potrebujete samo:<br \/>\n-Osebna izkaznica<br \/>\n-Dav\u010dna \u0161tevilka<br \/>\n-Ban\u010dna kartica<br \/>\n-Zadnji ban\u010dni izpisek<br \/>\n-Mobilni telefon<\/p>\n<p>Kredit lahko odobrimo osebam z dohodkom minimalno 643,36 EUR (zaposlen v tujini in tuj dr\u017eavljan 714,84 EUR), upokojencem z minimalno pokojnino 607,62 EUR (tuja pokojnina 714,84 EUR).<\/p>\n<p>Ob predlo\u017eitvi vseh podatkov vam lahko hitri kredit odobrimo v 10 minutah!<\/p>\n<p>1.obrok vam zapade v pla\u010dilo \u0161ele naslednji mesec od odobritve!<\/p>\n<p><strong>PLA\u010cILNE KARTICE:<\/strong><\/p>\n<p>Imate tudi mo\u017enost pla\u010dila z kreditnimi karticami do 24 obrokov\u00a0 pri \u010demer je vi\u0161ina obroka odvisna od vi\u0161ine investicije v predelavo na plin, \u0161tevila obrokov ter kreditne sposobnosti. Najni\u017eji mese\u010dni obrok ne more biti manj\u0161i od 50 EUR.<\/p>\n<p>&nbsp;<\/p>\n<p><img decoding=\"async\" loading=\"lazy\" class=\"alignnone wp-image-1476\" src=\"https:\/\/avtonaplin.com\/wp-content\/uploads\/2019\/03\/Logo_NLB_sponzorski_RGB-300x148.png\" alt=\"\" width=\"207\" height=\"102\" srcset=\"https:\/\/avtonaplin.com\/wp-content\/uploads\/2019\/03\/Logo_NLB_sponzorski_RGB-300x148.png 300w, https:\/\/avtonaplin.com\/wp-content\/uploads\/2019\/03\/Logo_NLB_sponzorski_RGB-768x378.png 768w, https:\/\/avtonaplin.com\/wp-content\/uploads\/2019\/03\/Logo_NLB_sponzorski_RGB-1024x504.png 1024w, https:\/\/avtonaplin.com\/wp-content\/uploads\/2019\/03\/Logo_NLB_sponzorski_RGB.png 2010w\" sizes=\"(max-width: 207px) 100vw, 207px\" \/><\/p>\n<p>V kolikor ste komitent NLB banke in imate kartice VISA. MASTERCARD ali KARNTA, \u00a0lahko pla\u010date nakup obveznosti pa poravnate v prihodnjih mesecih.<\/p>\n<p>Nakup na obroke je mogo\u010d v vi\u0161ini razpolo\u017eljivega limita na kartici, pri \u010demer posamezni obroki zapadajo v pla\u010dilo mese\u010dno. Ob pla\u010dilu s kartico bo banka za celotni znesek nakupa zmanj\u0161ala razpolo\u017eljivi limit porabe na kartici. Po izvedenem mese\u010dnem pla\u010dilu porabe bo banka za vi\u0161ino poravnanega obroka sprostila razpolo\u017eljivi limit porabe na kartici. \u010ce bi \u017eeleli obstoje\u010d limit porabe na va\u0161i kartici povi\u0161ati, lahko oddate vlogo za pove\u010danje limita prek\u00a0<a href=\"https:\/\/klik.nlb.si\/\" target=\"_blank\" rel=\"noopener noreferrer\">NLB Klika<\/a>\u00a0ali v\u00a0<a href=\"http:\/\/www.nlb.si\/poslovna-mreza\">NLB poslovalnici<\/a>.<\/p>\n<div class=\"fusion-clearfix\">Ve\u010d informacij dobite na naslednji povezavi: <a class=\"fusion-button button-flat button-round button-medium button-custom button-4\" href=\"http:\/\/www.nlb.si\/obroki\/?ref=1210_portal_pop\" target=\"_blank\" rel=\"noopener noreferrer\"><span class=\"fusion-button-text\">Nakupi na obroke<\/span><\/a><\/div>\n<\/div>\n<div><\/div>\n<div><\/div>\n<div>Mo\u017enost tudi:<\/div>\n<div class=\"fusion-column-wrapper\">\n<p><img decoding=\"async\" loading=\"lazy\" class=\"alignnone wp-image-2340\" src=\"https:\/\/avtonaplin.com\/wp-content\/uploads\/2022\/12\/LP-logo-1024x294.png\" alt=\"\" width=\"268\" height=\"77\" srcset=\"https:\/\/avtonaplin.com\/wp-content\/uploads\/2022\/12\/LP-logo-1024x294.png 1024w, https:\/\/avtonaplin.com\/wp-content\/uploads\/2022\/12\/LP-logo-300x86.png 300w, https:\/\/avtonaplin.com\/wp-content\/uploads\/2022\/12\/LP-logo-768x220.png 768w, https:\/\/avtonaplin.com\/wp-content\/uploads\/2022\/12\/LP-logo-1536x440.png 1536w, https:\/\/avtonaplin.com\/wp-content\/uploads\/2022\/12\/LP-logo-2048x587.png 2048w\" sizes=\"(max-width: 268px) 100vw, 268px\" \/><\/p>\n<div><img decoding=\"async\" loading=\"lazy\" class=\"alignnone size-full wp-image-2344\" src=\"https:\/\/avtonaplin.com\/wp-content\/uploads\/2022\/12\/www.summit.leasing.si_.ci_.256254.0.0-1.jpg\" alt=\"\" width=\"391\" height=\"226\" srcset=\"https:\/\/avtonaplin.com\/wp-content\/uploads\/2022\/12\/www.summit.leasing.si_.ci_.256254.0.0-1.jpg 391w, https:\/\/avtonaplin.com\/wp-content\/uploads\/2022\/12\/www.summit.leasing.si_.ci_.256254.0.0-1-300x173.jpg 300w\" sizes=\"(max-width: 391px) 100vw, 391px\" \/><\/div>\n<div><\/div>\n<div class=\"blog-kontakti\" style=\"text-align: center;\">\n<p>Kontaktiraj nas<\/p>\n<div class=\"btn-kontakt green\"><a class=\"vc_general vc_btn3 vc_btn3-size-md vc_btn3-shape-rounded vc_btn3-style-custom vc_btn3-icon-left\" title=\"\" href=\"tel:040331351\"> 040 331 351<\/a><\/div>\n<div class=\"btn-kontakt green\"><a class=\"vc_general vc_btn3 vc_btn3-size-md vc_btn3-shape-rounded vc_btn3-style-custom vc_btn3-icon-left\" title=\"\" href=\"mailto:info@avtonaplin.com\"> info@avtonaplin.com<\/a><\/div>\n<\/div>\n<\/div>\n<\/div>\n<div class=\"fusion-clearfix\" style=\"text-align: center;\"><\/div>\n<div><\/div>\n<div><\/div>\n<p>&nbsp;<\/p>\n<p>&nbsp;<\/p>\n","protected":false},"excerpt":{"rendered":"<p>Pri nas imate ve\u010d mo\u017enosti financiranja va\u0161e predelave: HITRI KREDIT: Za odobritev hitrega kredita potrebujete samo: -Osebna izkaznica -Dav\u010dna \u0161tevilka -Ban\u010dna kartica -Zadnji ban\u010dni izpisek -Mobilni telefon Kredit lahko odobrimo osebam z dohodkom minimalno 643,36 EUR (zaposlen v tujini in tuj dr\u017eavljan 714,84 EUR), upokojencem z minimalno pokojnino 607,62 EUR (tuja pokojnina 714,84 EUR). Ob [&hellip;]<\/p>\n","protected":false},"author":1,"featured_media":0,"parent":0,"menu_order":0,"comment_status":"closed","ping_status":"closed","template":"","meta":{"_mi_skip_tracking":false,"footnotes":""},"yoast_head":"<!-- This site is optimized with the Yoast SEO plugin v22.6 - https:\/\/yoast.com\/wordpress\/plugins\/seo\/ -->\n<title>Financiranje do 72 obrokov, hitra in preprosta odobritev.<\/title>\n<meta name=\"description\" content=\"Mo\u017enost pla\u010dila na 72 obrokov. Obrok zapade v pla\u010dilo \u0161ele naslednji mesec od predelave. Potrebujete samo osebno, pla\u010dilno kartico in dav\u010dno.\" \/>\n<meta name=\"robots\" content=\"index, follow, max-snippet:-1, max-image-preview:large, max-video-preview:-1\" \/>\n<link rel=\"canonical\" href=\"https:\/\/avtonaplin.com\/index.php\/financiranje-do-72-obrokov\/\" \/>\n<meta property=\"og:locale\" content=\"en_GB\" \/>\n<meta property=\"og:type\" content=\"article\" \/>\n<meta property=\"og:title\" content=\"Financiranje do 72 obrokov, hitra in preprosta odobritev.\" \/>\n<meta property=\"og:description\" content=\"Mo\u017enost pla\u010dila na 72 obrokov. Obrok zapade v pla\u010dilo \u0161ele naslednji mesec od predelave. Potrebujete samo osebno, pla\u010dilno kartico in dav\u010dno.\" \/>\n<meta property=\"og:url\" content=\"https:\/\/avtonaplin.com\/index.php\/financiranje-do-72-obrokov\/\" \/>\n<meta property=\"og:site_name\" content=\"Avto na plin. Predelava na plin. Vgradnja. Servis\" \/>\n<meta property=\"article:publisher\" content=\"https:\/\/www.facebook.com\/Avtonaplincom\/\" \/>\n<meta property=\"article:modified_time\" content=\"2022-12-18T22:34:59+00:00\" \/>\n<meta property=\"og:image\" content=\"https:\/\/avtonaplin.com\/wp-content\/uploads\/2019\/03\/Logo_NLB_sponzorski_RGB-300x148.png\" \/>\n<meta name=\"twitter:card\" content=\"summary_large_image\" \/>\n<meta name=\"twitter:label1\" content=\"Estimated reading time\" \/>\n\t<meta name=\"twitter:data1\" content=\"2 minutes\" \/>\n<script type=\"application\/ld+json\" class=\"yoast-schema-graph\">{\"@context\":\"https:\/\/schema.org\",\"@graph\":[{\"@type\":\"WebPage\",\"@id\":\"https:\/\/avtonaplin.com\/index.php\/financiranje-do-72-obrokov\/\",\"url\":\"https:\/\/avtonaplin.com\/index.php\/financiranje-do-72-obrokov\/\",\"name\":\"Financiranje do 72 obrokov, hitra in preprosta odobritev.\",\"isPartOf\":{\"@id\":\"https:\/\/avtonaplin.com\/#website\"},\"primaryImageOfPage\":{\"@id\":\"https:\/\/avtonaplin.com\/index.php\/financiranje-do-72-obrokov\/#primaryimage\"},\"image\":{\"@id\":\"https:\/\/avtonaplin.com\/index.php\/financiranje-do-72-obrokov\/#primaryimage\"},\"thumbnailUrl\":\"https:\/\/avtonaplin.com\/wp-content\/uploads\/2019\/03\/Logo_NLB_sponzorski_RGB-300x148.png\",\"datePublished\":\"2019-03-31T09:19:04+00:00\",\"dateModified\":\"2022-12-18T22:34:59+00:00\",\"description\":\"Mo\u017enost pla\u010dila na 72 obrokov. Obrok zapade v pla\u010dilo \u0161ele naslednji mesec od predelave. Potrebujete samo osebno, pla\u010dilno kartico in dav\u010dno.\",\"breadcrumb\":{\"@id\":\"https:\/\/avtonaplin.com\/index.php\/financiranje-do-72-obrokov\/#breadcrumb\"},\"inLanguage\":\"en-GB\",\"potentialAction\":[{\"@type\":\"ReadAction\",\"target\":[\"https:\/\/avtonaplin.com\/index.php\/financiranje-do-72-obrokov\/\"]}]},{\"@type\":\"ImageObject\",\"inLanguage\":\"en-GB\",\"@id\":\"https:\/\/avtonaplin.com\/index.php\/financiranje-do-72-obrokov\/#primaryimage\",\"url\":\"https:\/\/avtonaplin.com\/wp-content\/uploads\/2019\/03\/Logo_NLB_sponzorski_RGB.png\",\"contentUrl\":\"https:\/\/avtonaplin.com\/wp-content\/uploads\/2019\/03\/Logo_NLB_sponzorski_RGB.png\",\"width\":2010,\"height\":990},{\"@type\":\"BreadcrumbList\",\"@id\":\"https:\/\/avtonaplin.com\/index.php\/financiranje-do-72-obrokov\/#breadcrumb\",\"itemListElement\":[{\"@type\":\"ListItem\",\"position\":1,\"name\":\"Home\",\"item\":\"https:\/\/avtonaplin.com\/\"},{\"@type\":\"ListItem\",\"position\":2,\"name\":\"FINANCIRANJE\"}]},{\"@type\":\"WebSite\",\"@id\":\"https:\/\/avtonaplin.com\/#website\",\"url\":\"https:\/\/avtonaplin.com\/\",\"name\":\"Avto na plin. Predelava na plin. Vgradnja. Servis\",\"description\":\"Vozi ceneje, vozi na plin!\",\"publisher\":{\"@id\":\"https:\/\/avtonaplin.com\/#organization\"},\"potentialAction\":[{\"@type\":\"SearchAction\",\"target\":{\"@type\":\"EntryPoint\",\"urlTemplate\":\"https:\/\/avtonaplin.com\/?s={search_term_string}\"},\"query-input\":\"required name=search_term_string\"}],\"inLanguage\":\"en-GB\"},{\"@type\":\"Organization\",\"@id\":\"https:\/\/avtonaplin.com\/#organization\",\"name\":\"Avtonaplin d.o.o.\",\"url\":\"https:\/\/avtonaplin.com\/\",\"logo\":{\"@type\":\"ImageObject\",\"inLanguage\":\"en-GB\",\"@id\":\"https:\/\/avtonaplin.com\/#\/schema\/logo\/image\/\",\"url\":\"https:\/\/avtonaplin.com\/wp-content\/uploads\/2018\/09\/OSNOVA.png\",\"contentUrl\":\"https:\/\/avtonaplin.com\/wp-content\/uploads\/2018\/09\/OSNOVA.png\",\"width\":476,\"height\":133,\"caption\":\"Avtonaplin d.o.o.\"},\"image\":{\"@id\":\"https:\/\/avtonaplin.com\/#\/schema\/logo\/image\/\"},\"sameAs\":[\"https:\/\/www.facebook.com\/Avtonaplincom\/\",\"https:\/\/www.instagram.com\/avtonaplin_eco_car\/\"]}]}<\/script>\n<!-- \/ Yoast SEO plugin. -->","yoast_head_json":{"title":"Financiranje do 72 obrokov, hitra in preprosta odobritev.","description":"Mo\u017enost pla\u010dila na 72 obrokov. Obrok zapade v pla\u010dilo \u0161ele naslednji mesec od predelave. Potrebujete samo osebno, pla\u010dilno kartico in dav\u010dno.","robots":{"index":"index","follow":"follow","max-snippet":"max-snippet:-1","max-image-preview":"max-image-preview:large","max-video-preview":"max-video-preview:-1"},"canonical":"https:\/\/avtonaplin.com\/index.php\/financiranje-do-72-obrokov\/","og_locale":"en_GB","og_type":"article","og_title":"Financiranje do 72 obrokov, hitra in preprosta odobritev.","og_description":"Mo\u017enost pla\u010dila na 72 obrokov. Obrok zapade v pla\u010dilo \u0161ele naslednji mesec od predelave. Potrebujete samo osebno, pla\u010dilno kartico in dav\u010dno.","og_url":"https:\/\/avtonaplin.com\/index.php\/financiranje-do-72-obrokov\/","og_site_name":"Avto na plin. Predelava na plin. Vgradnja. Servis","article_publisher":"https:\/\/www.facebook.com\/Avtonaplincom\/","article_modified_time":"2022-12-18T22:34:59+00:00","og_image":[{"url":"https:\/\/avtonaplin.com\/wp-content\/uploads\/2019\/03\/Logo_NLB_sponzorski_RGB-300x148.png"}],"twitter_card":"summary_large_image","twitter_misc":{"Estimated reading time":"2 minutes"},"schema":{"@context":"https:\/\/schema.org","@graph":[{"@type":"WebPage","@id":"https:\/\/avtonaplin.com\/index.php\/financiranje-do-72-obrokov\/","url":"https:\/\/avtonaplin.com\/index.php\/financiranje-do-72-obrokov\/","name":"Financiranje do 72 obrokov, hitra in preprosta odobritev.","isPartOf":{"@id":"https:\/\/avtonaplin.com\/#website"},"primaryImageOfPage":{"@id":"https:\/\/avtonaplin.com\/index.php\/financiranje-do-72-obrokov\/#primaryimage"},"image":{"@id":"https:\/\/avtonaplin.com\/index.php\/financiranje-do-72-obrokov\/#primaryimage"},"thumbnailUrl":"https:\/\/avtonaplin.com\/wp-content\/uploads\/2019\/03\/Logo_NLB_sponzorski_RGB-300x148.png","datePublished":"2019-03-31T09:19:04+00:00","dateModified":"2022-12-18T22:34:59+00:00","description":"Mo\u017enost pla\u010dila na 72 obrokov. Obrok zapade v pla\u010dilo \u0161ele naslednji mesec od predelave. Potrebujete samo osebno, pla\u010dilno kartico in dav\u010dno.","breadcrumb":{"@id":"https:\/\/avtonaplin.com\/index.php\/financiranje-do-72-obrokov\/#breadcrumb"},"inLanguage":"en-GB","potentialAction":[{"@type":"ReadAction","target":["https:\/\/avtonaplin.com\/index.php\/financiranje-do-72-obrokov\/"]}]},{"@type":"ImageObject","inLanguage":"en-GB","@id":"https:\/\/avtonaplin.com\/index.php\/financiranje-do-72-obrokov\/#primaryimage","url":"https:\/\/avtonaplin.com\/wp-content\/uploads\/2019\/03\/Logo_NLB_sponzorski_RGB.png","contentUrl":"https:\/\/avtonaplin.com\/wp-content\/uploads\/2019\/03\/Logo_NLB_sponzorski_RGB.png","width":2010,"height":990},{"@type":"BreadcrumbList","@id":"https:\/\/avtonaplin.com\/index.php\/financiranje-do-72-obrokov\/#breadcrumb","itemListElement":[{"@type":"ListItem","position":1,"name":"Home","item":"https:\/\/avtonaplin.com\/"},{"@type":"ListItem","position":2,"name":"FINANCIRANJE"}]},{"@type":"WebSite","@id":"https:\/\/avtonaplin.com\/#website","url":"https:\/\/avtonaplin.com\/","name":"Avto na plin. Predelava na plin. Vgradnja. Servis","description":"Vozi ceneje, vozi na plin!","publisher":{"@id":"https:\/\/avtonaplin.com\/#organization"},"potentialAction":[{"@type":"SearchAction","target":{"@type":"EntryPoint","urlTemplate":"https:\/\/avtonaplin.com\/?s={search_term_string}"},"query-input":"required name=search_term_string"}],"inLanguage":"en-GB"},{"@type":"Organization","@id":"https:\/\/avtonaplin.com\/#organization","name":"Avtonaplin d.o.o.","url":"https:\/\/avtonaplin.com\/","logo":{"@type":"ImageObject","inLanguage":"en-GB","@id":"https:\/\/avtonaplin.com\/#\/schema\/logo\/image\/","url":"https:\/\/avtonaplin.com\/wp-content\/uploads\/2018\/09\/OSNOVA.png","contentUrl":"https:\/\/avtonaplin.com\/wp-content\/uploads\/2018\/09\/OSNOVA.png","width":476,"height":133,"caption":"Avtonaplin d.o.o."},"image":{"@id":"https:\/\/avtonaplin.com\/#\/schema\/logo\/image\/"},"sameAs":["https:\/\/www.facebook.com\/Avtonaplincom\/","https:\/\/www.instagram.com\/avtonaplin_eco_car\/"]}]}},"_links":{"self":[{"href":"https:\/\/avtonaplin.com\/index.php\/wp-json\/wp\/v2\/pages\/1474"}],"collection":[{"href":"https:\/\/avtonaplin.com\/index.php\/wp-json\/wp\/v2\/pages"}],"about":[{"href":"https:\/\/avtonaplin.com\/index.php\/wp-json\/wp\/v2\/types\/page"}],"author":[{"embeddable":true,"href":"https:\/\/avtonaplin.com\/index.php\/wp-json\/wp\/v2\/users\/1"}],"replies":[{"embeddable":true,"href":"https:\/\/avtonaplin.com\/index.php\/wp-json\/wp\/v2\/comments?post=1474"}],"version-history":[{"count":6,"href":"https:\/\/avtonaplin.com\/index.php\/wp-json\/wp\/v2\/pages\/1474\/revisions"}],"predecessor-version":[{"id":2347,"href":"https:\/\/avtonaplin.com\/index.php\/wp-json\/wp\/v2\/pages\/1474\/revisions\/2347"}],"wp:attachment":[{"href":"https:\/\/avtonaplin.com\/index.php\/wp-json\/wp\/v2\/media?parent=1474"}],"curies":[{"name":"wp","href":"https:\/\/api.w.org\/{rel}","templated":true}]}}